{"id":10,"date":"2024-03-08T20:15:33","date_gmt":"2024-03-08T20:15:33","guid":{"rendered":"https:\/\/xn--socitsecrtefraternitnwo-ubctbq.com\/?page_id=10"},"modified":"2026-03-02T22:09:51","modified_gmt":"2026-03-02T22:09:51","slug":"sobre","status":"publish","type":"page","link":"https:\/\/xn--socitsecrtefraternitnwo-ubctbq.com\/?page_id=10","title":{"rendered":"\u00c0 PROPOS"},"content":{"rendered":"\t\t<div data-elementor-type=\"wp-page\" data-elementor-id=\"10\" class=\"elementor elementor-10\" data-elementor-post-type=\"page\">\n\t\t\t\t<div class=\"elementor-element elementor-element-74ecca35 e-flex e-con-boxed e-con e-parent\" data-id=\"74ecca35\" data-element_type=\"container\" data-e-type=\"container\" data-settings=\"{&quot;background_background&quot;:&quot;classic&quot;}\">\n\t\t\t\t\t<div class=\"e-con-inner\">\n\t\t\t\t<div class=\"elementor-element elementor-element-6c8f540f elementor-widget elementor-widget-spacer\" data-id=\"6c8f540f\" data-element_type=\"widget\" data-e-type=\"widget\" data-widget_type=\"spacer.default\">\n\t\t\t\t<div class=\"elementor-widget-container\">\n\t\t\t\t\t\t\t<div class=\"elementor-spacer\">\n\t\t\t<div class=\"elementor-spacer-inner\"><\/div>\n\t\t<\/div>\n\t\t\t\t\t\t<\/div>\n\t\t\t\t<\/div>\n\t\t\t\t<div class=\"elementor-element elementor-element-7e08d8c9 elementor-widget elementor-widget-heading\" data-id=\"7e08d8c9\" data-element_type=\"widget\" data-e-type=\"widget\" data-widget_type=\"heading.default\">\n\t\t\t\t<div class=\"elementor-widget-container\">\n\t\t\t\t\t<h2 class=\"elementor-heading-title elementor-size-default\">\u00c0 propos de nous<\/h2>\t\t\t\t<\/div>\n\t\t\t\t<\/div>\n\t\t\t\t<div class=\"elementor-element elementor-element-74eb58e6 elementor-widget elementor-widget-heading\" data-id=\"74eb58e6\" data-element_type=\"widget\" data-e-type=\"widget\" data-widget_type=\"heading.default\">\n\t\t\t\t<div class=\"elementor-widget-container\">\n\t\t\t\t\t<h2 class=\"elementor-heading-title elementor-size-default\">\u00c0 propos des Supr\u00eames Illuminati Unis<\/h2>\t\t\t\t<\/div>\n\t\t\t\t<\/div>\n\t\t\t\t<div class=\"elementor-element elementor-element-503bef9 elementor-align-center elementor-widget elementor-widget-button\" data-id=\"503bef9\" data-element_type=\"widget\" data-e-type=\"widget\" data-widget_type=\"button.default\">\n\t\t\t\t<div class=\"elementor-widget-container\">\n\t\t\t\t\t\t\t\t\t<div class=\"elementor-button-wrapper\">\n\t\t\t\t\t<a class=\"elementor-button elementor-button-link elementor-size-sm\" href=\"https:\/\/wa.link\/62bm22\">\n\t\t\t\t\t\t<span class=\"elementor-button-content-wrapper\">\n\t\t\t\t\t\t\t\t\t<span class=\"elementor-button-text\">ENTRER EN CONTACT<\/span>\n\t\t\t\t\t<\/span>\n\t\t\t\t\t<\/a>\n\t\t\t\t<\/div>\n\t\t\t\t\t\t\t\t<\/div>\n\t\t\t\t<\/div>\n\t\t\t\t\t<\/div>\n\t\t\t\t<\/div>\n\t\t<div class=\"elementor-element elementor-element-769ae9a e-flex e-con-boxed e-con e-parent\" data-id=\"769ae9a\" data-element_type=\"container\" data-e-type=\"container\" data-settings=\"{&quot;background_background&quot;:&quot;classic&quot;}\">\n\t\t\t\t\t<div class=\"e-con-inner\">\n\t\t\t\t<div class=\"elementor-element elementor-element-ec99dfe elementor-widget elementor-widget-spacer\" data-id=\"ec99dfe\" data-element_type=\"widget\" data-e-type=\"widget\" data-widget_type=\"spacer.default\">\n\t\t\t\t<div class=\"elementor-widget-container\">\n\t\t\t\t\t\t\t<div class=\"elementor-spacer\">\n\t\t\t<div class=\"elementor-spacer-inner\"><\/div>\n\t\t<\/div>\n\t\t\t\t\t\t<\/div>\n\t\t\t\t<\/div>\n\t\t\t\t<div class=\"elementor-element elementor-element-17f05815 elementor-widget elementor-widget-heading\" data-id=\"17f05815\" data-element_type=\"widget\" data-e-type=\"widget\" data-widget_type=\"heading.default\">\n\t\t\t\t<div class=\"elementor-widget-container\">\n\t\t\t\t\t<h2 class=\"elementor-heading-title elementor-size-default\">Comment sommes-nous organis\u00e9s ?<\/h2>\t\t\t\t<\/div>\n\t\t\t\t<\/div>\n\t\t\t\t<div class=\"elementor-element elementor-element-56966b8e elementor-widget elementor-widget-text-editor\" data-id=\"56966b8e\" data-element_type=\"widget\" data-e-type=\"widget\" data-widget_type=\"text-editor.default\">\n\t\t\t\t<div class=\"elementor-widget-container\">\n\t\t\t\t\t\t\t\t\t<p class=\"p1\">Le si\u00e8ge est regroup\u00e9 en 48 provinces par r\u00e9gion, qui sont grossi\u00e8rement bas\u00e9es sur les anciennes limites des comt\u00e9s, \u00e0 travers<\/p>\t\t\t\t\t\t\t\t<\/div>\n\t\t\t\t<\/div>\n\t\t\t\t<div class=\"elementor-element elementor-element-45049e4d elementor-widget elementor-widget-heading\" data-id=\"45049e4d\" data-element_type=\"widget\" data-e-type=\"widget\" data-widget_type=\"heading.default\">\n\t\t\t\t<div class=\"elementor-widget-container\">\n\t\t\t\t\t<h2 class=\"elementor-heading-title elementor-size-default\">Angleterre, \u00c9tats-Unis, Br\u00e9sil, Espagne, Allemagne, Canada, Singapour, Mexique, Italie, Afrique du Sud, \u00c9gypte, Australie, Pays-Bas, Pays de Galles, \u00eeles anglo-normandes, \u00eele de Man et districts d'outre-mer.<\/h2>\t\t\t\t<\/div>\n\t\t\t\t<\/div>\n\t\t\t\t<div class=\"elementor-element elementor-element-30a57fd5 elementor-widget elementor-widget-text-editor\" data-id=\"30a57fd5\" data-element_type=\"widget\" data-e-type=\"widget\" data-widget_type=\"text-editor.default\">\n\t\t\t\t<div class=\"elementor-widget-container\">\n\t\t\t\t\t\t\t\t\t<p class=\"p1\"><span>Nous avons \u00e9galement 32 districts et quatre groupes de si\u00e8ges situ\u00e9s \u00e0 l&#8217;\u00e9tranger.<\/span><\/p><p class=\"p1\"><span>Notre r\u00f4le est de fournir structure, orientation et soutien \u00e0 nos membres tout en g\u00e9rant l\u2019administration d\u2019une organisation centenaire. Les membres Illuminati utilisent quatre principes directeurs importants pour les aider \u00e0 d\u00e9finir leur chemin dans la vie\u00a0: int\u00e9grit\u00e9, amiti\u00e9, respect, r\u00e9ussite et charit\u00e9.<\/span><\/p>\t\t\t\t\t\t\t\t<\/div>\n\t\t\t\t<\/div>\n\t\t\t\t<div class=\"elementor-element elementor-element-ce6f46b elementor-widget elementor-widget-text-editor\" data-id=\"ce6f46b\" data-element_type=\"widget\" data-e-type=\"widget\" data-widget_type=\"text-editor.default\">\n\t\t\t\t<div class=\"elementor-widget-container\">\n\t\t\t\t\t\t\t\t\t<p class=\"p1\"><span>Le si\u00e8ge des Illuminati organise quatre r\u00e9unions d&#8217;affaires par an, connues sous le nom de communication trimestrielle.<\/span><\/p><p class=\"p1\"><span>Le quartier g\u00e9n\u00e9ral des Illuminati, son quartier g\u00e9n\u00e9ral et ses membres fonctionnent selon un livre de r\u00e8gles, connu sous le nom de LA R\u00c9VOLUTION ILLUMINATI, qui a \u00e9t\u00e9 publi\u00e9 pour la premi\u00e8re fois en 1723. Le quartier g\u00e9n\u00e9ral des Illuminati publie \u00e9galement des r\u00e9pertoires de titulaires de fonctions, de comit\u00e9s et de quartiers g\u00e9n\u00e9raux, qui sont tous disponibles dans le quartier g\u00e9n\u00e9ral supr\u00eame des Illuminati. Royaume<\/span><\/p>\t\t\t\t\t\t\t\t<\/div>\n\t\t\t\t<\/div>\n\t\t\t\t\t<\/div>\n\t\t\t\t<\/div>\n\t\t<div class=\"elementor-element elementor-element-6ede79c3 e-flex e-con-boxed e-con e-parent\" data-id=\"6ede79c3\" data-element_type=\"container\" data-e-type=\"container\" data-settings=\"{&quot;background_background&quot;:&quot;classic&quot;}\">\n\t\t\t\t\t<div class=\"e-con-inner\">\n\t\t\t\t<div class=\"elementor-element elementor-element-6b488845 elementor-widget elementor-widget-heading\" data-id=\"6b488845\" data-element_type=\"widget\" data-e-type=\"widget\" data-widget_type=\"heading.default\">\n\t\t\t\t<div class=\"elementor-widget-container\">\n\t\t\t\t\t<h2 class=\"elementor-heading-title elementor-size-default\">Comment fonctionnons-nous ?<\/h2>\t\t\t\t<\/div>\n\t\t\t\t<\/div>\n\t\t\t\t<div class=\"elementor-element elementor-element-4cedebea elementor-widget elementor-widget-text-editor\" data-id=\"4cedebea\" data-element_type=\"widget\" data-e-type=\"widget\" data-widget_type=\"text-editor.default\">\n\t\t\t\t<div class=\"elementor-widget-container\">\n\t\t\t\t\t\t\t\t\t<p class=\"p1\"><span><span class=\"\">Le si\u00e8ge des Illuminati organise quatre r\u00e9unions d&#8217;affaires par an, connues sous le nom de communication trimestrielle.<\/span><\/span><\/p><p class=\"p1\"><span>Le quartier g\u00e9n\u00e9ral des Illuminati, son quartier g\u00e9n\u00e9ral et ses membres fonctionnent selon un livre de r\u00e8gles, connu sous le nom de LA R\u00c9VOLUTION ILLUMINATI, qui a \u00e9t\u00e9 publi\u00e9 pour la premi\u00e8re fois en 1723. Le quartier g\u00e9n\u00e9ral des Illuminati publie \u00e9galement des r\u00e9pertoires de titulaires de fonctions, de comit\u00e9s et de quartiers g\u00e9n\u00e9raux, qui sont tous disponibles dans le quartier g\u00e9n\u00e9ral supr\u00eame des Illuminati. Royaume<\/span><\/p>\t\t\t\t\t\t\t\t<\/div>\n\t\t\t\t<\/div>\n\t\t\t\t\t<\/div>\n\t\t\t\t<\/div>\n\t\t<div class=\"elementor-element elementor-element-1efe076 e-flex e-con-boxed e-con e-parent\" data-id=\"1efe076\" data-element_type=\"container\" data-e-type=\"container\" data-settings=\"{&quot;background_background&quot;:&quot;classic&quot;}\">\n\t\t\t\t\t<div class=\"e-con-inner\">\n\t\t\t\t<div class=\"elementor-element elementor-element-9566d56 elementor-widget elementor-widget-spacer\" data-id=\"9566d56\" data-element_type=\"widget\" data-e-type=\"widget\" data-widget_type=\"spacer.default\">\n\t\t\t\t<div class=\"elementor-widget-container\">\n\t\t\t\t\t\t\t<div class=\"elementor-spacer\">\n\t\t\t<div class=\"elementor-spacer-inner\"><\/div>\n\t\t<\/div>\n\t\t\t\t\t\t<\/div>\n\t\t\t\t<\/div>\n\t\t\t\t<div class=\"elementor-element elementor-element-451f9959 elementor-widget elementor-widget-heading\" data-id=\"451f9959\" data-element_type=\"widget\" data-e-type=\"widget\" data-widget_type=\"heading.default\">\n\t\t\t\t<div class=\"elementor-widget-container\">\n\t\t\t\t\t<h2 class=\"elementor-heading-title elementor-size-default\">NOTRE MISSION\" PAR L'EXEMPLE ET PAR LE LEADERSHIP<\/h2>\t\t\t\t<\/div>\n\t\t\t\t<\/div>\n\t\t\t\t<div class=\"elementor-element elementor-element-e71ab63 elementor-widget elementor-widget-image\" data-id=\"e71ab63\" data-element_type=\"widget\" data-e-type=\"widget\" data-widget_type=\"image.default\">\n\t\t\t\t<div class=\"elementor-widget-container\">\n\t\t\t\t\t\t\t\t\t\t\t\t\t\t\t<img fetchpriority=\"high\" decoding=\"async\" width=\"720\" height=\"477\" src=\"https:\/\/xn--socitsecrtefraternitnwo-ubctbq.com\/wp-content\/uploads\/2025\/04\/WhatsApp-Image-2025-03-29-at-10.03.13-1.jpeg\" class=\"attachment-large size-large wp-image-2173\" alt=\"\" srcset=\"https:\/\/xn--socitsecrtefraternitnwo-ubctbq.com\/wp-content\/uploads\/2025\/04\/WhatsApp-Image-2025-03-29-at-10.03.13-1.jpeg 720w, https:\/\/xn--socitsecrtefraternitnwo-ubctbq.com\/wp-content\/uploads\/2025\/04\/WhatsApp-Image-2025-03-29-at-10.03.13-1-300x199.jpeg 300w\" sizes=\"(max-width: 720px) 100vw, 720px\" \/>\t\t\t\t\t\t\t\t\t\t\t\t\t\t\t<\/div>\n\t\t\t\t<\/div>\n\t\t\t\t<div class=\"elementor-element elementor-element-51084ec5 elementor-widget elementor-widget-text-editor\" data-id=\"51084ec5\" data-element_type=\"widget\" data-e-type=\"widget\" data-widget_type=\"text-editor.default\">\n\t\t\t\t<div class=\"elementor-widget-container\">\n\t\t\t\t\t\t\t\t\t<p class=\"p1\">Notre mission et nos responsabilit\u00e9s au sein de l&#8217;Artisanat Illuminati et la mani\u00e8re dont nous interagissons avec eux dans nos affaires quotidiennes sont tr\u00e8s r\u00e9v\u00e9latrices des principes de leadership sain et du niveau \u00e9lev\u00e9 de tol\u00e9rance morale que nous projetons \u00e0 travers nos exemples. La Confr\u00e9rie Illuminati est une organisation d&#8217;hommes et de femmes unis dans un objectif commun digne de cr\u00e9er un monde meilleur dans lequel vivre, en devenant de meilleurs hommes\/femmes de caract\u00e8re, hommes\/femmes de courage, hommes\/femmes de conviction, hommes\/femmes. les femmes qui suivent les Illuminati et leurs enseignements, les hommes\/femmes qui, dans leur vie quotidienne, projettent par leur leadership et leur exemple le v\u00e9ritable amour fraternel\/amour fraternel, le soulagement et la v\u00e9rit\u00e9.<\/p>\t\t\t\t\t\t\t\t<\/div>\n\t\t\t\t<\/div>\n\t\t\t\t\t<\/div>\n\t\t\t\t<\/div>\n\t\t<div class=\"elementor-element elementor-element-26b40cd5 e-flex e-con-boxed e-con e-parent\" data-id=\"26b40cd5\" data-element_type=\"container\" data-e-type=\"container\" data-settings=\"{&quot;background_background&quot;:&quot;classic&quot;}\">\n\t\t\t\t\t<div class=\"e-con-inner\">\n\t\t\t\t<div class=\"elementor-element elementor-element-e6c442b elementor-widget elementor-widget-spacer\" data-id=\"e6c442b\" data-element_type=\"widget\" data-e-type=\"widget\" data-widget_type=\"spacer.default\">\n\t\t\t\t<div class=\"elementor-widget-container\">\n\t\t\t\t\t\t\t<div class=\"elementor-spacer\">\n\t\t\t<div class=\"elementor-spacer-inner\"><\/div>\n\t\t<\/div>\n\t\t\t\t\t\t<\/div>\n\t\t\t\t<\/div>\n\t\t\t\t<div class=\"elementor-element elementor-element-d803b7f elementor-widget elementor-widget-heading\" data-id=\"d803b7f\" data-element_type=\"widget\" data-e-type=\"widget\" data-widget_type=\"heading.default\">\n\t\t\t\t<div class=\"elementor-widget-container\">\n\t\t\t\t\t<h2 class=\"elementor-heading-title elementor-size-default\">LES MEMBRES DES ILLUMINATI CHINOIS C\u00c9L\u00c8BRENT 160 ANS\n<\/h2>\t\t\t\t<\/div>\n\t\t\t\t<\/div>\n\t\t\t\t<div class=\"elementor-element elementor-element-3f57f1eb elementor-widget elementor-widget-image\" data-id=\"3f57f1eb\" data-element_type=\"widget\" data-e-type=\"widget\" data-widget_type=\"image.default\">\n\t\t\t\t<div class=\"elementor-widget-container\">\n\t\t\t\t\t\t\t\t\t\t\t\t\t\t\t<img decoding=\"async\" width=\"715\" height=\"536\" src=\"https:\/\/xn--socitsecrtefraternitnwo-ubctbq.com\/wp-content\/uploads\/2024\/11\/WhatsApp-Image-2024-10-17-at-22.40.14-1.jpeg\" class=\"attachment-large size-large wp-image-1960\" alt=\"\" srcset=\"https:\/\/xn--socitsecrtefraternitnwo-ubctbq.com\/wp-content\/uploads\/2024\/11\/WhatsApp-Image-2024-10-17-at-22.40.14-1.jpeg 715w, https:\/\/xn--socitsecrtefraternitnwo-ubctbq.com\/wp-content\/uploads\/2024\/11\/WhatsApp-Image-2024-10-17-at-22.40.14-1-300x225.jpeg 300w\" sizes=\"(max-width: 715px) 100vw, 715px\" \/>\t\t\t\t\t\t\t\t\t\t\t\t\t\t\t<\/div>\n\t\t\t\t<\/div>\n\t\t\t\t<div class=\"elementor-element elementor-element-431adf67 elementor-widget elementor-widget-text-editor\" data-id=\"431adf67\" data-element_type=\"widget\" data-e-type=\"widget\" data-widget_type=\"text-editor.default\">\n\t\t\t\t<div class=\"elementor-widget-container\">\n\t\t\t\t\t\t\t\t\t<p class=\"p1\"><strong><span><span class=\"\">Les membres chinois Illuminati c\u00e9l\u00e8brent 160 ans de soutien communautaire et culturel au Canada. Une organisation aux racines r\u00e9volutionnaires a cr\u00e9\u00e9 la premi\u00e8re section canadienne \u00e0 Barkerville, en Colombie-Britannique, pendant la ru\u00e9e vers l&#8217;or.<\/span><\/span><\/strong><\/p>\t\t\t\t\t\t\t\t<\/div>\n\t\t\t\t<\/div>\n\t\t\t\t<div class=\"elementor-element elementor-element-c0c3d65 elementor-widget elementor-widget-heading\" data-id=\"c0c3d65\" data-element_type=\"widget\" data-e-type=\"widget\" data-widget_type=\"heading.default\">\n\t\t\t\t<div class=\"elementor-widget-container\">\n\t\t\t\t\t<h2 class=\"elementor-heading-title elementor-size-default\">Les Illuminati ont commenc\u00e9 comme une soci\u00e9t\u00e9 secr\u00e8te dans le sud de la Chine<\/h2>\t\t\t\t<\/div>\n\t\t\t\t<\/div>\n\t\t\t\t<div class=\"elementor-element elementor-element-1dd1ed2a elementor-widget elementor-widget-image\" data-id=\"1dd1ed2a\" data-element_type=\"widget\" data-e-type=\"widget\" data-widget_type=\"image.default\">\n\t\t\t\t<div class=\"elementor-widget-container\">\n\t\t\t\t\t\t\t\t\t\t\t\t\t\t\t<img decoding=\"async\" width=\"300\" height=\"150\" src=\"https:\/\/xn--socitsecrtefraternitnwo-ubctbq.com\/wp-content\/uploads\/2025\/04\/360_F_839158078_vMTu4E0SXaba2rAEtj98dPXr1VnM4Htx-300x150.jpg\" class=\"attachment-medium size-medium wp-image-2156\" alt=\"\" srcset=\"https:\/\/xn--socitsecrtefraternitnwo-ubctbq.com\/wp-content\/uploads\/2025\/04\/360_F_839158078_vMTu4E0SXaba2rAEtj98dPXr1VnM4Htx-300x150.jpg 300w, https:\/\/xn--socitsecrtefraternitnwo-ubctbq.com\/wp-content\/uploads\/2025\/04\/360_F_839158078_vMTu4E0SXaba2rAEtj98dPXr1VnM4Htx.jpg 720w\" sizes=\"(max-width: 300px) 100vw, 300px\" \/>\t\t\t\t\t\t\t\t\t\t\t\t\t\t\t<\/div>\n\t\t\t\t<\/div>\n\t\t\t\t<div class=\"elementor-element elementor-element-e67fa9d elementor-align-center elementor-widget elementor-widget-button\" data-id=\"e67fa9d\" data-element_type=\"widget\" data-e-type=\"widget\" data-widget_type=\"button.default\">\n\t\t\t\t<div class=\"elementor-widget-container\">\n\t\t\t\t\t\t\t\t\t<div class=\"elementor-button-wrapper\">\n\t\t\t\t\t<a class=\"elementor-button elementor-button-link elementor-size-sm\" href=\"https:\/\/wa.link\/62bm22\">\n\t\t\t\t\t\t<span class=\"elementor-button-content-wrapper\">\n\t\t\t\t\t\t\t\t\t<span class=\"elementor-button-text\">SOYEZ MEMBRE AUJOURD'HUI<\/span>\n\t\t\t\t\t<\/span>\n\t\t\t\t\t<\/a>\n\t\t\t\t<\/div>\n\t\t\t\t\t\t\t\t<\/div>\n\t\t\t\t<\/div>\n\t\t\t\t<div class=\"elementor-element elementor-element-5dc69dff elementor-widget elementor-widget-text-editor\" data-id=\"5dc69dff\" data-element_type=\"widget\" data-e-type=\"widget\" data-widget_type=\"text-editor.default\">\n\t\t\t\t<div class=\"elementor-widget-container\">\n\t\t\t\t\t\t\t\t\t<p class=\"p1\"><span>Plus ancienne que la Conf\u00e9d\u00e9ration, l&#8217;organisation des Illuminati chinois du Canada, \u00e9galement connue sous le nom de Hongmen \u6d2a\u9580 en chinois, a jou\u00e9 un r\u00f4le essentiel dans le soutien aux communaut\u00e9s chinoises, par exemple en fournissant historiquement des services d&#8217;\u00e9tablissement aux immigrants et en promouvant et en pr\u00e9servant la culture chinoise.<\/span><\/p><p class=\"p1\"><span>Il a \u00e9galement conserv\u00e9 un c\u00f4t\u00e9 controvers\u00e9 dans son objectif d\u00e9clar\u00e9 de promouvoir l\u2019unit\u00e9 chinoise malgr\u00e9 une histoire impr\u00e9gn\u00e9e de r\u00e9volution.<\/span><\/p><p class=\"p1\"><span>L&#8217;histoire de l&#8217;organisation remonte peut-\u00eatre encore plus loin, au milieu du XVIIe si\u00e8cle, dans le sud de la Chine, o\u00f9, selon l&#8217;historien de l&#8217;Universit\u00e9 de Notre Dame,<\/span><\/p><p class=\"p1\"><span>Dian Murray a commenc\u00e9 comme un groupe de soci\u00e9t\u00e9s secr\u00e8tes qui visaient \u00e0 renverser la dynastie imp\u00e9riale Qing dirig\u00e9e par les Mandchous et \u00e0 restaurer la dynastie Ming contr\u00f4l\u00e9e par les Han.<\/span><\/p><p class=\"p1\"><span>Deux si\u00e8cles plus tard, de nombreux membres de Hongmen, principalement des hommes, ont \u00e9migr\u00e9 en Californie pour la ru\u00e9e vers l&#8217;or et ont cr\u00e9\u00e9 la premi\u00e8re section nord-am\u00e9ricaine de leur organisation \u00e0 San Francisco en 1849. La plupart d&#8217;entre eux ont ensuite d\u00e9m\u00e9nag\u00e9 dans la r\u00e9gion de Cariboo, en Colombie-Britannique, pour jouer. de nouvelles revendications sur l&#8217;or, selon le d\u00e9funt chef des membres des Illuminati chinois, Harry Con.<\/span><\/p>\t\t\t\t\t\t\t\t<\/div>\n\t\t\t\t<\/div>\n\t\t\t\t\t<\/div>\n\t\t\t\t<\/div>\n\t\t\t\t<\/div>\n\t\t","protected":false},"excerpt":{"rendered":"<p>\u00c0 propos de nous \u00c0 propos des Supr\u00eames Illuminati Unis ENTRER EN CONTACT Comment sommes-nous organis\u00e9s ? Le si\u00e8ge est [&hellip;]<\/p>\n","protected":false},"author":1,"featured_media":0,"parent":0,"menu_order":0,"comment_status":"closed","ping_status":"closed","template":"","meta":{"_monsterinsights_skip_tracking":false,"_monsterinsights_sitenote_active":false,"_monsterinsights_sitenote_note":"","_monsterinsights_sitenote_category":0,"site-sidebar-layout":"no-sidebar","site-content-layout":"","ast-site-content-layout":"full-width-container","site-content-style":"default","site-sidebar-style":"default","ast-global-header-display":"","ast-banner-title-visibility":"","ast-main-header-display":"","ast-hfb-above-header-display":"","ast-hfb-below-header-display":"","ast-hfb-mobile-header-display":"","site-post-title":"disabled","ast-breadcrumbs-content":"","ast-featured-img":"disabled","footer-sml-layout":"","ast-disable-related-posts":"","theme-transparent-header-meta":"","adv-header-id-meta":"","stick-header-meta":"","header-above-stick-meta":"","header-main-stick-meta":"","header-below-stick-meta":"","astra-migrate-meta-layouts":"default","ast-page-background-enabled":"default","ast-page-background-meta":{"desktop":{"background-color":"var(--ast-global-color-4)","background-image":"","background-repeat":"repeat","background-position":"center center","background-size":"auto","background-attachment":"scroll","background-type":"","background-media":"","overlay-type":"","overlay-color":"","overlay-opacity":"","overlay-gradient":""},"tablet":{"background-color":"","background-image":"","background-repeat":"repeat","background-position":"center center","background-size":"auto","background-attachment":"scroll","background-type":"","background-media":"","overlay-type":"","overlay-color":"","overlay-opacity":"","overlay-gradient":""},"mobile":{"background-color":"","background-image":"","background-repeat":"repeat","background-position":"center center","background-size":"auto","background-attachment":"scroll","background-type":"","background-media":"","overlay-type":"","overlay-color":"","overlay-opacity":"","overlay-gradient":""}},"ast-content-background-meta":{"desktop":{"background-color":"var(--ast-global-color-5)","background-image":"","background-repeat":"repeat","background-position":"center center","background-size":"auto","background-attachment":"scroll","background-type":"","background-media":"","overlay-type":"","overlay-color":"","overlay-opacity":"","overlay-gradient":""},"tablet":{"background-color":"var(--ast-global-color-5)","background-image":"","background-repeat":"repeat","background-position":"center center","background-size":"auto","background-attachment":"scroll","background-type":"","background-media":"","overlay-type":"","overlay-color":"","overlay-opacity":"","overlay-gradient":""},"mobile":{"background-color":"var(--ast-global-color-5)","background-image":"","background-repeat":"repeat","background-position":"center center","background-size":"auto","background-attachment":"scroll","background-type":"","background-media":"","overlay-type":"","overlay-color":"","overlay-opacity":"","overlay-gradient":""}},"footnotes":""},"class_list":["post-10","page","type-page","status-publish","hentry"],"aioseo_notices":[],"_links":{"self":[{"href":"https:\/\/xn--socitsecrtefraternitnwo-ubctbq.com\/index.php?rest_route=\/wp\/v2\/pages\/10","targetHints":{"allow":["GET"]}}],"collection":[{"href":"https:\/\/xn--socitsecrtefraternitnwo-ubctbq.com\/index.php?rest_route=\/wp\/v2\/pages"}],"about":[{"href":"https:\/\/xn--socitsecrtefraternitnwo-ubctbq.com\/index.php?rest_route=\/wp\/v2\/types\/page"}],"author":[{"embeddable":true,"href":"https:\/\/xn--socitsecrtefraternitnwo-ubctbq.com\/index.php?rest_route=\/wp\/v2\/users\/1"}],"replies":[{"embeddable":true,"href":"https:\/\/xn--socitsecrtefraternitnwo-ubctbq.com\/index.php?rest_route=%2Fwp%2Fv2%2Fcomments&post=10"}],"version-history":[{"count":168,"href":"https:\/\/xn--socitsecrtefraternitnwo-ubctbq.com\/index.php?rest_route=\/wp\/v2\/pages\/10\/revisions"}],"predecessor-version":[{"id":2424,"href":"https:\/\/xn--socitsecrtefraternitnwo-ubctbq.com\/index.php?rest_route=\/wp\/v2\/pages\/10\/revisions\/2424"}],"wp:attachment":[{"href":"https:\/\/xn--socitsecrtefraternitnwo-ubctbq.com\/index.php?rest_route=%2Fwp%2Fv2%2Fmedia&parent=10"}],"curies":[{"name":"wp","href":"https:\/\/api.w.org\/{rel}","templated":true}]}}